{"id":7,"date":"2022-07-07T22:02:42","date_gmt":"2022-07-07T20:02:42","guid":{"rendered":"http:\/\/lepetitsechoir.fr\/?page_id=7"},"modified":"2022-09-17T23:37:23","modified_gmt":"2022-09-17T21:37:23","slug":"beaux-portfolios-pour-des-creatifs-exceptionnels","status":"publish","type":"page","link":"https:\/\/lepetitsechoir.fr\/","title":{"rendered":"D\u00e9couvrez nos salaisons et planches de charcuteries !"},"content":{"rendered":"\n<blockquote class=\"wp-block-quote is-layout-flow wp-block-quote-is-layout-flow\"><p>&#8220;J&#8217;ai cr\u00e9\u00e9 le petit s\u00e9choir afin de faire profiter \u00e0 tous des produits de salaison faits maison, de qualit\u00e9s, fabriqu\u00e9s \u00e0 l&#8217;ancienne \u00e0 partir de viandes : Origine France.&#8221;<\/p><cite>Nicolas<\/cite><\/blockquote>\n\n\n\n<p class=\"has-text-align-center\">Retrouvez toute une gamme nature ou fum\u00e9e de saucissons, filets mignons, coppas, bacons, viandes des grisons, jambons crus. Le petit s\u00e9choir propose sa production au d\u00e9tail ou sous forme de planches ap\u00e9ritives, ainsi que des plateaux &#8220;raclette&#8221;. Les produits sont disponibles en fonctions des approvisionnements en viande de la salaison. <\/p>\n\n\n\n<figure class=\"wp-block-image alignwide size-large\"><img loading=\"lazy\" decoding=\"async\" width=\"1024\" height=\"512\" src=\"https:\/\/lepetitsechoir.fr\/wp-content\/uploads\/2022\/09\/Le-Petit-Sechoir-Splash-3-1024x512.jpg\" alt=\"\" class=\"wp-image-91\" srcset=\"https:\/\/lepetitsechoir.fr\/wp-content\/uploads\/2022\/09\/Le-Petit-Sechoir-Splash-3-1024x512.jpg 1024w, https:\/\/lepetitsechoir.fr\/wp-content\/uploads\/2022\/09\/Le-Petit-Sechoir-Splash-3-300x150.jpg 300w, https:\/\/lepetitsechoir.fr\/wp-content\/uploads\/2022\/09\/Le-Petit-Sechoir-Splash-3-768x384.jpg 768w, https:\/\/lepetitsechoir.fr\/wp-content\/uploads\/2022\/09\/Le-Petit-Sechoir-Splash-3-1536x768.jpg 1536w, https:\/\/lepetitsechoir.fr\/wp-content\/uploads\/2022\/09\/Le-Petit-Sechoir-Splash-3-2048x1024.jpg 2048w, https:\/\/lepetitsechoir.fr\/wp-content\/uploads\/2022\/09\/Le-Petit-Sechoir-Splash-3-2000x1000.jpg 2000w, https:\/\/lepetitsechoir.fr\/wp-content\/uploads\/2022\/09\/Le-Petit-Sechoir-Splash-3-600x300.jpg 600w\" sizes=\"auto, (max-width: 1024px) 100vw, 1024px\" \/><\/figure>\n\n\n\n<div class=\"wp-block-group alignfull has-background\" style=\"background-color:#e5e9ec\"><div class=\"wp-block-group__inner-container is-layout-flow wp-block-group-is-layout-flow\">\n<div class=\"wp-block-columns is-layout-flex wp-container-core-columns-is-layout-9d6595d7 wp-block-columns-is-layout-flex\">\n<div class=\"wp-block-column is-vertically-aligned-center is-layout-flow wp-block-column-is-layout-flow\">\n<h2 class=\"wp-block-heading\">Salaisons<\/h2>\n\n\n\n<p>&#8220;Natures ou fum\u00e9es les salaisons sont fabriqu\u00e9es \u00e0 l&#8217;ancienne : la viande, le sel et les \u00e9pices sont les seuls ingr\u00e9dients. Autres sucres, conservateurs et antioxydants ne font pas bon m\u00e9nage avec l&#8217;\u00e9thique de ma salaison : le petit s\u00e9choir.&#8221;<\/p>\n\n\n\n<div class=\"wp-block-buttons is-horizontal is-content-justification-left is-layout-flex wp-container-core-buttons-is-layout-7e5fce0a wp-block-buttons-is-layout-flex\"><\/div>\n\n\n\n<p><\/p>\n<\/div>\n\n\n\n<div class=\"wp-block-column is-layout-flow wp-block-column-is-layout-flow\">\n<figure class=\"wp-block-image size-large\"><img loading=\"lazy\" decoding=\"async\" width=\"892\" height=\"1024\" src=\"https:\/\/lepetitsechoir.fr\/wp-content\/uploads\/2022\/09\/Le-Petit-Sechoir-Planche-Salaisons-892x1024.jpg\" alt=\"\" class=\"wp-image-70\" srcset=\"https:\/\/lepetitsechoir.fr\/wp-content\/uploads\/2022\/09\/Le-Petit-Sechoir-Planche-Salaisons-892x1024.jpg 892w, https:\/\/lepetitsechoir.fr\/wp-content\/uploads\/2022\/09\/Le-Petit-Sechoir-Planche-Salaisons-261x300.jpg 261w, https:\/\/lepetitsechoir.fr\/wp-content\/uploads\/2022\/09\/Le-Petit-Sechoir-Planche-Salaisons-768x882.jpg 768w, https:\/\/lepetitsechoir.fr\/wp-content\/uploads\/2022\/09\/Le-Petit-Sechoir-Planche-Salaisons-1338x1536.jpg 1338w, https:\/\/lepetitsechoir.fr\/wp-content\/uploads\/2022\/09\/Le-Petit-Sechoir-Planche-Salaisons-1784x2048.jpg 1784w, https:\/\/lepetitsechoir.fr\/wp-content\/uploads\/2022\/09\/Le-Petit-Sechoir-Planche-Salaisons-2000x2296.jpg 2000w, https:\/\/lepetitsechoir.fr\/wp-content\/uploads\/2022\/09\/Le-Petit-Sechoir-Planche-Salaisons-600x689.jpg 600w\" sizes=\"auto, (max-width: 892px) 100vw, 892px\" \/><\/figure>\n<\/div>\n<\/div>\n<\/div><\/div>\n\n\n\n<div class=\"wp-block-group alignfull\"><div class=\"wp-block-group__inner-container is-layout-flow wp-block-group-is-layout-flow\">\n<div class=\"wp-block-columns are-vertically-aligned-center is-layout-flex wp-container-core-columns-is-layout-9d6595d7 wp-block-columns-is-layout-flex\">\n<div class=\"wp-block-column is-vertically-aligned-center is-layout-flow wp-block-column-is-layout-flow\">\n<div style=\"height:48px\" aria-hidden=\"true\" class=\"wp-block-spacer\"><\/div>\n\n\n\n<figure class=\"wp-block-gallery has-nested-images columns-default is-cropped wp-block-gallery-1 is-layout-flex wp-block-gallery-is-layout-flex\">\n<figure class=\"wp-block-image size-large is-style-default\"><img loading=\"lazy\" decoding=\"async\" width=\"1024\" height=\"889\" data-id=\"71\" src=\"https:\/\/lepetitsechoir.fr\/wp-content\/uploads\/2022\/09\/Le-Petit-Sechoir-Planche-Raclettes-1024x889.jpg\" alt=\"\" class=\"wp-image-71\" srcset=\"https:\/\/lepetitsechoir.fr\/wp-content\/uploads\/2022\/09\/Le-Petit-Sechoir-Planche-Raclettes-1024x889.jpg 1024w, https:\/\/lepetitsechoir.fr\/wp-content\/uploads\/2022\/09\/Le-Petit-Sechoir-Planche-Raclettes-300x260.jpg 300w, https:\/\/lepetitsechoir.fr\/wp-content\/uploads\/2022\/09\/Le-Petit-Sechoir-Planche-Raclettes-768x667.jpg 768w, https:\/\/lepetitsechoir.fr\/wp-content\/uploads\/2022\/09\/Le-Petit-Sechoir-Planche-Raclettes-600x521.jpg 600w, https:\/\/lepetitsechoir.fr\/wp-content\/uploads\/2022\/09\/Le-Petit-Sechoir-Planche-Raclettes.jpg 1432w\" sizes=\"auto, (max-width: 1024px) 100vw, 1024px\" \/><\/figure>\n<\/figure>\n<\/div>\n\n\n\n<div class=\"wp-block-column is-vertically-aligned-center is-layout-flow wp-block-column-is-layout-flow\">\n<h2 class=\"wp-block-heading\">Planches ap\u00e9ritives et &#8220;raclettes&#8221;<\/h2>\n\n\n\n<p>&#8220;Compos\u00e9es pour vous et selon vos envies \u00e0 partir des charcuteries issues uniquement de ma production, elles peuvent \u00eatre accompagn\u00e9es de fromages et crudit\u00e9s pour un ap\u00e9ritif, qu&#8217;il soit dinatoire ou non. Je vous propose \u00e9galement ces planches dans une s\u00e9lection &#8220;raclette&#8221; pour vous retrouver autour de cette sp\u00e9cialit\u00e9 avec vos proches.&#8221;<\/p>\n\n\n\n<div class=\"wp-block-buttons is-layout-flex wp-block-buttons-is-layout-flex\"><\/div>\n<\/div>\n<\/div>\n<\/div><\/div>\n\n\n\n<div class=\"wp-block-cover alignfull is-light has-parallax has-custom-content-position is-position-center-right is-position-center-center\" style=\"background-image:url(http:\/\/lepetitsechoir.fr\/wp-content\/uploads\/2022\/09\/Le-Petit-Sechoir-Picnic-scaled.jpg)\"><span aria-hidden=\"true\" class=\"wp-block-cover__background has-black-background-color has-background-dim-40 has-background-dim\"><\/span><div class=\"wp-block-cover__inner-container is-layout-flow wp-block-cover-is-layout-flow\">\n<p class=\"has-text-align-center has-text-color has-huge-font-size\" style=\"color:#fffffa;line-height:1.1\"><strong>Contactez nous pour d\u00e9couvrir nos produits<\/strong><\/p>\n\n\n\n<p class=\"has-text-align-center\"><\/p>\n\n\n\n<div style=\"height:39px\" aria-hidden=\"true\" class=\"wp-block-spacer\"><\/div>\n\n\n\n<div class=\"wp-block-buttons is-horizontal is-content-justification-center is-layout-flex wp-container-core-buttons-is-layout-499968f5 wp-block-buttons-is-layout-flex\">\n<div class=\"wp-block-button\"><a class=\"wp-block-button__link\" href=\"https:\/\/lepetitsechoir.fr\/?page_id=9\">Contact<\/a><\/div>\n<\/div>\n<\/div><\/div>\n","protected":false},"excerpt":{"rendered":"<p>&#8220;J&#8217;ai cr\u00e9\u00e9 le petit s\u00e9choir afin de faire profiter \u00e0 tous des produits de salaison faits maison, de qualit\u00e9s, fabriqu\u00e9s \u00e0 l&#8217;ancienne \u00e0 partir de viandes : Origine France.&#8221; Nicolas Retrouvez toute une gamme nature ou fum\u00e9e de saucissons, filets mignons, coppas, bacons, viandes des grisons, jambons crus. Le petit s\u00e9choir propose sa production au &hellip; <\/p>\n<p class=\"link-more\"><a href=\"https:\/\/lepetitsechoir.fr\/\" class=\"more-link\">Read more<span class=\"screen-reader-text\"> &#8220;D\u00e9couvrez nos salaisons et planches de charcuteries !&#8221;<\/span><\/a><\/p>\n","protected":false},"author":1,"featured_media":6,"parent":0,"menu_order":0,"comment_status":"closed","ping_status":"closed","template":"","meta":{"footnotes":""},"class_list":["post-7","page","type-page","status-publish","has-post-thumbnail","hentry"],"featured_media_urls":{"thumbnail":["https:\/\/lepetitsechoir.fr\/wp-content\/uploads\/2022\/07\/StockSnap_M6D1GS9PSL-150x150.jpg",150,150,true],"medium":["https:\/\/lepetitsechoir.fr\/wp-content\/uploads\/2022\/07\/StockSnap_M6D1GS9PSL-300x198.jpg",300,198,true],"medium_large":["https:\/\/lepetitsechoir.fr\/wp-content\/uploads\/2022\/07\/StockSnap_M6D1GS9PSL-768x506.jpg",768,506,true],"large":["https:\/\/lepetitsechoir.fr\/wp-content\/uploads\/2022\/07\/StockSnap_M6D1GS9PSL-1024x674.jpg",950,625,true],"1536x1536":["https:\/\/lepetitsechoir.fr\/wp-content\/uploads\/2022\/07\/StockSnap_M6D1GS9PSL-1536x1011.jpg",1536,1011,true],"2048x2048":["https:\/\/lepetitsechoir.fr\/wp-content\/uploads\/2022\/07\/StockSnap_M6D1GS9PSL.jpg",2000,1317,false],"inspiro-featured-image":["https:\/\/lepetitsechoir.fr\/wp-content\/uploads\/2022\/07\/StockSnap_M6D1GS9PSL.jpg",2000,1317,false],"inspiro-loop":["https:\/\/lepetitsechoir.fr\/wp-content\/uploads\/2022\/07\/StockSnap_M6D1GS9PSL-950x320.jpg",950,320,true],"inspiro-loop@2x":["https:\/\/lepetitsechoir.fr\/wp-content\/uploads\/2022\/07\/StockSnap_M6D1GS9PSL-1900x640.jpg",1900,640,true],"portfolio_item-thumbnail":["https:\/\/lepetitsechoir.fr\/wp-content\/uploads\/2022\/07\/StockSnap_M6D1GS9PSL.jpg",600,395,false],"portfolio_item-masonry":["https:\/\/lepetitsechoir.fr\/wp-content\/uploads\/2022\/07\/StockSnap_M6D1GS9PSL.jpg",600,395,false],"portfolio_item-thumbnail_cinema":["https:\/\/lepetitsechoir.fr\/wp-content\/uploads\/2022\/07\/StockSnap_M6D1GS9PSL.jpg",509,335,false],"portfolio_item-thumbnail_portrait":["https:\/\/lepetitsechoir.fr\/wp-content\/uploads\/2022\/07\/StockSnap_M6D1GS9PSL.jpg",600,395,false],"portfolio_item-thumbnail_square":["https:\/\/lepetitsechoir.fr\/wp-content\/uploads\/2022\/07\/StockSnap_M6D1GS9PSL.jpg",800,527,false]},"_links":{"self":[{"href":"https:\/\/lepetitsechoir.fr\/index.php?rest_route=\/wp\/v2\/pages\/7","targetHints":{"allow":["GET"]}}],"collection":[{"href":"https:\/\/lepetitsechoir.fr\/index.php?rest_route=\/wp\/v2\/pages"}],"about":[{"href":"https:\/\/lepetitsechoir.fr\/index.php?rest_route=\/wp\/v2\/types\/page"}],"author":[{"embeddable":true,"href":"https:\/\/lepetitsechoir.fr\/index.php?rest_route=\/wp\/v2\/users\/1"}],"replies":[{"embeddable":true,"href":"https:\/\/lepetitsechoir.fr\/index.php?rest_route=%2Fwp%2Fv2%2Fcomments&post=7"}],"version-history":[{"count":17,"href":"https:\/\/lepetitsechoir.fr\/index.php?rest_route=\/wp\/v2\/pages\/7\/revisions"}],"predecessor-version":[{"id":92,"href":"https:\/\/lepetitsechoir.fr\/index.php?rest_route=\/wp\/v2\/pages\/7\/revisions\/92"}],"wp:featuredmedia":[{"embeddable":true,"href":"https:\/\/lepetitsechoir.fr\/index.php?rest_route=\/wp\/v2\/media\/6"}],"wp:attachment":[{"href":"https:\/\/lepetitsechoir.fr\/index.php?rest_route=%2Fwp%2Fv2%2Fmedia&parent=7"}],"curies":[{"name":"wp","href":"https:\/\/api.w.org\/{rel}","templated":true}]}}